{"id":183,"date":"2026-03-26T16:14:41","date_gmt":"2026-03-26T16:14:41","guid":{"rendered":"https:\/\/galeede.com\/?page_id=183"},"modified":"2026-04-13T10:06:06","modified_gmt":"2026-04-13T10:06:06","slug":"red-hat-enterprise-linux","status":"publish","type":"page","link":"https:\/\/galeede.com\/en\/red-hat-enterprise-linux\/","title":{"rendered":"Red Hat Enterprise Linux"},"content":{"rendered":"","protected":false},"excerpt":{"rendered":"","protected":false},"author":1,"featured_media":206,"parent":0,"menu_order":0,"comment_status":"closed","ping_status":"closed","template":"","meta":{"_seopress_robots_primary_cat":"0","_seopress_titles_title":"Red Hat Enterprise Linux | Parceiro Oficial \u2014 Galeede","_seopress_titles_desc":"Implementa\u00e7\u00e3o e gest\u00e3o de RHEL em Angola por parceiro oficial Red Hat. Servidores est\u00e1veis, seguros e com suporte certificado. Licenciamento e servi\u00e7os especializados. %%search_keywords%%","_seopress_robots_index":"","nf_dc_page":"","om_disable_all_campaigns":false,"_monsterinsights_skip_tracking":false,"_monsterinsights_sitenote_active":false,"_monsterinsights_sitenote_note":"","_monsterinsights_sitenote_category":0,"footnotes":""},"class_list":["post-183","page","type-page","status-publish","has-post-thumbnail","hentry"],"jetpack_sharing_enabled":true,"_links":{"self":[{"href":"https:\/\/galeede.com\/en\/wp-json\/wp\/v2\/pages\/183","targetHints":{"allow":["GET"]}}],"collection":[{"href":"https:\/\/galeede.com\/en\/wp-json\/wp\/v2\/pages"}],"about":[{"href":"https:\/\/galeede.com\/en\/wp-json\/wp\/v2\/types\/page"}],"author":[{"embeddable":true,"href":"https:\/\/galeede.com\/en\/wp-json\/wp\/v2\/users\/1"}],"replies":[{"embeddable":true,"href":"https:\/\/galeede.com\/en\/wp-json\/wp\/v2\/comments?post=183"}],"version-history":[{"count":1,"href":"https:\/\/galeede.com\/en\/wp-json\/wp\/v2\/pages\/183\/revisions"}],"predecessor-version":[{"id":184,"href":"https:\/\/galeede.com\/en\/wp-json\/wp\/v2\/pages\/183\/revisions\/184"}],"wp:featuredmedia":[{"embeddable":true,"href":"https:\/\/galeede.com\/en\/wp-json\/wp\/v2\/media\/206"}],"wp:attachment":[{"href":"https:\/\/galeede.com\/en\/wp-json\/wp\/v2\/media?parent=183"}],"curies":[{"name":"wp","href":"https:\/\/api.w.org\/{rel}","templated":true}]}}