{"id":242,"date":"2026-03-26T19:59:34","date_gmt":"2026-03-26T19:59:34","guid":{"rendered":"https:\/\/galeede.com\/?page_id=242"},"modified":"2026-04-13T10:06:55","modified_gmt":"2026-04-13T10:06:55","slug":"usersupport","status":"publish","type":"page","link":"https:\/\/galeede.com\/en\/usersupport\/","title":{"rendered":"userSupport"},"content":{"rendered":"","protected":false},"excerpt":{"rendered":"","protected":false},"author":1,"featured_media":251,"parent":0,"menu_order":0,"comment_status":"closed","ping_status":"closed","template":"user-support","meta":{"_seopress_robots_primary_cat":"0","_seopress_titles_title":"userSupport | Suporte T\u00e9cnico para Empresas \u2014 Galeede","_seopress_titles_desc":"Suporte t\u00e9cnico cont\u00ednuo para os colaboradores da sua empresa em Angola. Remoto e presencial. Resolu\u00e7\u00e3o r\u00e1pida, custos mensais fixos e relat\u00f3rio mensal inclu\u00eddo. %%post_title%%","_seopress_robots_index":"","nf_dc_page":"","om_disable_all_campaigns":false,"_monsterinsights_skip_tracking":false,"_monsterinsights_sitenote_active":false,"_monsterinsights_sitenote_note":"","_monsterinsights_sitenote_category":0,"footnotes":""},"class_list":["post-242","page","type-page","status-publish","has-post-thumbnail","hentry"],"jetpack_sharing_enabled":true,"_links":{"self":[{"href":"https:\/\/galeede.com\/en\/wp-json\/wp\/v2\/pages\/242","targetHints":{"allow":["GET"]}}],"collection":[{"href":"https:\/\/galeede.com\/en\/wp-json\/wp\/v2\/pages"}],"about":[{"href":"https:\/\/galeede.com\/en\/wp-json\/wp\/v2\/types\/page"}],"author":[{"embeddable":true,"href":"https:\/\/galeede.com\/en\/wp-json\/wp\/v2\/users\/1"}],"replies":[{"embeddable":true,"href":"https:\/\/galeede.com\/en\/wp-json\/wp\/v2\/comments?post=242"}],"version-history":[{"count":2,"href":"https:\/\/galeede.com\/en\/wp-json\/wp\/v2\/pages\/242\/revisions"}],"predecessor-version":[{"id":286,"href":"https:\/\/galeede.com\/en\/wp-json\/wp\/v2\/pages\/242\/revisions\/286"}],"wp:featuredmedia":[{"embeddable":true,"href":"https:\/\/galeede.com\/en\/wp-json\/wp\/v2\/media\/251"}],"wp:attachment":[{"href":"https:\/\/galeede.com\/en\/wp-json\/wp\/v2\/media?parent=242"}],"curies":[{"name":"wp","href":"https:\/\/api.w.org\/{rel}","templated":true}]}}