{"id":260,"date":"2026-03-26T20:29:05","date_gmt":"2026-03-26T20:29:05","guid":{"rendered":"https:\/\/galeede.com\/?page_id=260"},"modified":"2026-04-13T10:04:36","modified_gmt":"2026-04-13T10:04:36","slug":"usershield","status":"publish","type":"page","link":"https:\/\/galeede.com\/en\/usershield\/","title":{"rendered":"userShield"},"content":{"rendered":"","protected":false},"excerpt":{"rendered":"","protected":false},"author":1,"featured_media":270,"parent":0,"menu_order":0,"comment_status":"closed","ping_status":"closed","template":"user-shield","meta":{"_seopress_robots_primary_cat":"0","_seopress_titles_title":"userShield | Ciberseguran\u00e7a para Empresas \u2014 Galeede","_seopress_titles_desc":"Proteja a sua empresa contra phishing e ataques inform\u00e1ticos. Forma\u00e7\u00e3o online, simula\u00e7\u00f5es reais e relat\u00f3rios de risco mensais. Programa gerido pela Galeede em Angola. %%post_title%%","_seopress_robots_index":"","nf_dc_page":"","om_disable_all_campaigns":false,"_monsterinsights_skip_tracking":false,"_monsterinsights_sitenote_active":false,"_monsterinsights_sitenote_note":"","_monsterinsights_sitenote_category":0,"footnotes":""},"class_list":["post-260","page","type-page","status-publish","has-post-thumbnail","hentry"],"jetpack_sharing_enabled":true,"_links":{"self":[{"href":"https:\/\/galeede.com\/en\/wp-json\/wp\/v2\/pages\/260","targetHints":{"allow":["GET"]}}],"collection":[{"href":"https:\/\/galeede.com\/en\/wp-json\/wp\/v2\/pages"}],"about":[{"href":"https:\/\/galeede.com\/en\/wp-json\/wp\/v2\/types\/page"}],"author":[{"embeddable":true,"href":"https:\/\/galeede.com\/en\/wp-json\/wp\/v2\/users\/1"}],"replies":[{"embeddable":true,"href":"https:\/\/galeede.com\/en\/wp-json\/wp\/v2\/comments?post=260"}],"version-history":[{"count":1,"href":"https:\/\/galeede.com\/en\/wp-json\/wp\/v2\/pages\/260\/revisions"}],"predecessor-version":[{"id":261,"href":"https:\/\/galeede.com\/en\/wp-json\/wp\/v2\/pages\/260\/revisions\/261"}],"wp:featuredmedia":[{"embeddable":true,"href":"https:\/\/galeede.com\/en\/wp-json\/wp\/v2\/media\/270"}],"wp:attachment":[{"href":"https:\/\/galeede.com\/en\/wp-json\/wp\/v2\/media?parent=260"}],"curies":[{"name":"wp","href":"https:\/\/api.w.org\/{rel}","templated":true}]}}