{"id":288,"date":"2026-03-26T21:01:05","date_gmt":"2026-03-26T21:01:05","guid":{"rendered":"https:\/\/galeede.com\/?page_id=288"},"modified":"2026-04-13T10:08:07","modified_gmt":"2026-04-13T10:08:07","slug":"netoptimize","status":"publish","type":"page","link":"https:\/\/galeede.com\/en\/netoptimize\/","title":{"rendered":"netOptimize"},"content":{"rendered":"","protected":false},"excerpt":{"rendered":"","protected":false},"author":1,"featured_media":298,"parent":0,"menu_order":0,"comment_status":"closed","ping_status":"closed","template":"net-optimize","meta":{"_seopress_robots_primary_cat":"0","_seopress_titles_title":"netOptimize | Auditoria e Optimiza\u00e7\u00e3o de Redes \u2014 Galeede","_seopress_titles_desc":"Auditoria e optimiza\u00e7\u00e3o da infraestrutura de rede da sua empresa em Angola. Identificamos e resolvemos problemas de desempenho, seguran\u00e7a e configura\u00e7\u00e3o.\n %%search_keywords%%","_seopress_robots_index":"","nf_dc_page":"","om_disable_all_campaigns":false,"_monsterinsights_skip_tracking":false,"_monsterinsights_sitenote_active":false,"_monsterinsights_sitenote_note":"","_monsterinsights_sitenote_category":0,"footnotes":""},"class_list":["post-288","page","type-page","status-publish","has-post-thumbnail","hentry"],"jetpack_sharing_enabled":true,"_links":{"self":[{"href":"https:\/\/galeede.com\/en\/wp-json\/wp\/v2\/pages\/288","targetHints":{"allow":["GET"]}}],"collection":[{"href":"https:\/\/galeede.com\/en\/wp-json\/wp\/v2\/pages"}],"about":[{"href":"https:\/\/galeede.com\/en\/wp-json\/wp\/v2\/types\/page"}],"author":[{"embeddable":true,"href":"https:\/\/galeede.com\/en\/wp-json\/wp\/v2\/users\/1"}],"replies":[{"embeddable":true,"href":"https:\/\/galeede.com\/en\/wp-json\/wp\/v2\/comments?post=288"}],"version-history":[{"count":1,"href":"https:\/\/galeede.com\/en\/wp-json\/wp\/v2\/pages\/288\/revisions"}],"predecessor-version":[{"id":289,"href":"https:\/\/galeede.com\/en\/wp-json\/wp\/v2\/pages\/288\/revisions\/289"}],"wp:featuredmedia":[{"embeddable":true,"href":"https:\/\/galeede.com\/en\/wp-json\/wp\/v2\/media\/298"}],"wp:attachment":[{"href":"https:\/\/galeede.com\/en\/wp-json\/wp\/v2\/media?parent=288"}],"curies":[{"name":"wp","href":"https:\/\/api.w.org\/{rel}","templated":true}]}}