{"id":302,"date":"2026-03-26T21:46:59","date_gmt":"2026-03-26T21:46:59","guid":{"rendered":"https:\/\/galeede.com\/?page_id=302"},"modified":"2026-03-28T20:16:44","modified_gmt":"2026-03-28T20:16:44","slug":"netcare","status":"publish","type":"page","link":"https:\/\/galeede.com\/en\/netcare\/","title":{"rendered":"netCare"},"content":{"rendered":"","protected":false},"excerpt":{"rendered":"","protected":false},"author":1,"featured_media":307,"parent":0,"menu_order":0,"comment_status":"closed","ping_status":"closed","template":"net-care","meta":{"_seopress_robots_primary_cat":"0","_seopress_titles_title":"netCare | Monitoriza\u00e7\u00e3o de Infraestrutura de TI \u2014 Galeede","_seopress_titles_desc":"Monitoriza\u00e7\u00e3o e manuten\u00e7\u00e3o cont\u00ednua da infraestrutura de TI da sua empresa em Angola. Prevenimos falhas antes que aconte\u00e7am. Dispon\u00edvel 24\/7 com relat\u00f3rio mensal. %%search_keywords%%","_seopress_robots_index":"","nf_dc_page":"","om_disable_all_campaigns":false,"_monsterinsights_skip_tracking":false,"_monsterinsights_sitenote_active":false,"_monsterinsights_sitenote_note":"","_monsterinsights_sitenote_category":0,"footnotes":""},"class_list":["post-302","page","type-page","status-publish","has-post-thumbnail","hentry"],"jetpack_sharing_enabled":true,"_links":{"self":[{"href":"https:\/\/galeede.com\/en\/wp-json\/wp\/v2\/pages\/302","targetHints":{"allow":["GET"]}}],"collection":[{"href":"https:\/\/galeede.com\/en\/wp-json\/wp\/v2\/pages"}],"about":[{"href":"https:\/\/galeede.com\/en\/wp-json\/wp\/v2\/types\/page"}],"author":[{"embeddable":true,"href":"https:\/\/galeede.com\/en\/wp-json\/wp\/v2\/users\/1"}],"replies":[{"embeddable":true,"href":"https:\/\/galeede.com\/en\/wp-json\/wp\/v2\/comments?post=302"}],"version-history":[{"count":1,"href":"https:\/\/galeede.com\/en\/wp-json\/wp\/v2\/pages\/302\/revisions"}],"predecessor-version":[{"id":303,"href":"https:\/\/galeede.com\/en\/wp-json\/wp\/v2\/pages\/302\/revisions\/303"}],"wp:featuredmedia":[{"embeddable":true,"href":"https:\/\/galeede.com\/en\/wp-json\/wp\/v2\/media\/307"}],"wp:attachment":[{"href":"https:\/\/galeede.com\/en\/wp-json\/wp\/v2\/media?parent=302"}],"curies":[{"name":"wp","href":"https:\/\/api.w.org\/{rel}","templated":true}]}}