{"id":35,"date":"2026-03-25T11:50:18","date_gmt":"2026-03-25T11:50:18","guid":{"rendered":"https:\/\/galeede.com\/home\/"},"modified":"2026-03-28T19:55:33","modified_gmt":"2026-03-28T19:55:33","slug":"home","status":"publish","type":"page","link":"https:\/\/galeede.com\/en\/","title":{"rendered":"Home"},"content":{"rendered":"<div class=\"nfd-container nfd-pt-0  nfd-wb-hero__hero-24 is-style-nfd-theme-darker wp-block-group alignfull has-global-padding is-layout-constrained wp-block-group-is-layout-constrained\" style=\"margin-top:-27px\">\n<div class=\"alignfull nfd-container nfd-stretch-cover-child nfd-bg-gray-800 is-style-default nfd-p-0 nfd-m-0 wp-block-cover\" style=\"min-height:656px;aspect-ratio:unset;\"><img data-recalc-dims=\"1\" decoding=\"async\" loading=\"lazy\" class=\"wp-block-cover__image-background size-full\" alt=\"\" src=\"https:\/\/i0.wp.com\/galeede.com\/wp-content\/uploads\/2026\/03\/photo-1573166584647-2c1366f9b219.jpg?ssl=1\" data-object-fit=\"cover\"\/><span aria-hidden=\"true\" class=\"wp-block-cover__background has-black-background-color has-background-dim-30 has-background-dim\"><\/span><div class=\"wp-block-cover__inner-container has-global-padding is-layout-constrained wp-block-cover-is-layout-constrained\">\n<div class=\"nfd-px-base nfd-grow nfd-w-full md:nfd-border-none alignfull is-style-default nfd-gap-lg nfd-px-0 wp-block-group is-vertical is-content-justification-center is-nowrap is-layout-flex wp-container-core-group-is-layout-d7b04dc7 wp-block-group-is-layout-flex\">\n<h1 class=\"nfd-text-giga wp-block-heading has-text-align-center\" style=\"font-size:clamp(3.272em, 3.272rem + ((1vw - 0.2em) * 6.051), 6.6em);\">Expert IT Infrastructure Solutions<\/h1>\n\n\n\n<p class=\"nfd-text-balance has-text-align-center\" style=\"font-size:clamp(14.642px, 0.915rem + ((1vw - 3.2px) * 0.836), 22px);\">Galeede provides top-notch IT infrastructure, network, and corporate support services in Angola. With 24\/7 monitoring and Red Hat certification, we ensure your business runs smoothly.<\/p>\n<\/div>\n<\/div><\/div>\n<\/div>\n\n\n\n<div class=\"nfd-container nfd-py-sm nfd-wb-features__features-74 wp-block-group has-global-padding is-layout-constrained wp-block-group-is-layout-constrained\">\n<div class=\"nfd-text-md nfd-gap-sm wp-block-columns is-layout-flex wp-container-core-columns-is-layout-28f84493 wp-block-columns-is-layout-flex\">\n<div class=\"wp-block-column is-vertically-aligned-top is-layout-flow wp-container-core-column-is-layout-369f67fb wp-block-column-is-layout-flow\" style=\"flex-basis:30%\">\n<h2 class=\"wp-block-heading nfd-text-lg nfd-text-current\">Contact Us Today<\/h2>\n\n\n\n<div class=\"nfd-gap-md wp-block-group is-vertical is-layout-flex wp-container-core-group-is-layout-fe9cc265 wp-block-group-is-layout-flex\">\n<p class=\"\">Call Us: +244 912 345 678<\/p>\n\n\n\n<p class=\"\">info@galeede.com<\/p>\n\n\n\n<p class=\"\">Book Your Consultation Now<\/p>\n<\/div>\n<\/div>\n\n\n\n<div class=\"wp-block-column is-vertically-aligned-top is-layout-flow wp-container-core-column-is-layout-369f67fb wp-block-column-is-layout-flow\" style=\"flex-basis:30%\">\n<h2 class=\"wp-block-heading nfd-text-lg nfd-text-current\">Our Location<\/h2>\n\n\n\n<div class=\"nfd-gap-md wp-block-group is-vertical is-layout-flex wp-container-core-group-is-layout-fe9cc265 wp-block-group-is-layout-flex\">\n<p class=\"\">Secondary Contact: +244 912 987 654<\/p>\n\n\n\n<p class=\"\">support@galeede.com<\/p>\n\n\n\n<p class=\"\">Get a Free Quote<\/p>\n<\/div>\n<\/div>\n\n\n\n<div class=\"wp-block-column is-vertically-aligned-top is-layout-flow wp-container-core-column-is-layout-369f67fb wp-block-column-is-layout-flow\" style=\"flex-basis:40%\">\n<div style=\"aspect-ratio:16\/9;min-height:unset;\" class=\"nfd-rounded-xl -nfd-translate-y-1\/2 wp-block-cover is-light has-aspect-ratio\"><img data-recalc-dims=\"1\" height=\"1024\" width=\"1024\" decoding=\"async\" loading=\"lazy\" class=\"wp-block-cover__image-background size-large\" alt=\"\" src=\"https:\/\/i0.wp.com\/galeede.com\/wp-content\/uploads\/2026\/03\/photo-1573166584647-2c1366f9b219-1.jpg?fit=1024%2C1024&#038;ssl=1\" data-object-fit=\"cover\"\/><span aria-hidden=\"true\" class=\"wp-block-cover__background has-background-dim-0 has-background-dim\" style=\"background-color:#da8357\"><\/span><div class=\"wp-block-cover__inner-container has-global-padding is-layout-constrained wp-block-cover-is-layout-constrained\">\n<div class=\"nfd-p wp-block-group is-content-justification-center is-nowrap is-layout-flex wp-container-core-group-is-layout-23441af8 wp-block-group-is-layout-flex\">\n<p class=\"nfd-p-xs nfd-text-md has-text-align-center has-base-color has-contrast-background-color has-text-color has-background has-link-color wp-elements-7aa1889e3bcb9b7d6bc9cce78a5dcad3\" style=\"font-style:normal;font-weight:1000;text-transform:uppercase\">Limited Time Offer: 20% Off<\/p>\n<\/div>\n<\/div><\/div>\n<\/div>\n<\/div>\n<\/div>\n\n\n\n<div class=\"nfd-container nfd-wb-features__features-73 wp-block-group has-global-padding is-layout-constrained wp-block-group-is-layout-constrained\">\n<div class=\"nfd-gap-3xl wp-block-columns alignfull is-layout-flex wp-container-core-columns-is-layout-28232c24 wp-block-columns-is-layout-flex\">\n<div class=\"wp-block-column is-vertically-aligned-stretch is-layout-flow wp-block-column-is-layout-flow\">\n<div class=\"wp-block-group is-vertical is-content-justification-stretch is-layout-flex wp-container-core-group-is-layout-401b7a8a wp-block-group-is-layout-flex\" style=\"min-height:100%\">\n<div class=\"wp-block-cover wp-container-content-9cfa9a5a\" style=\"min-height:600px;aspect-ratio:unset;\"><img data-recalc-dims=\"1\" height=\"1024\" width=\"1024\" decoding=\"async\" loading=\"lazy\" class=\"wp-block-cover__image-background size-large\" alt=\"\" src=\"https:\/\/i0.wp.com\/galeede.com\/wp-content\/uploads\/2026\/03\/photo-1573166584647-2c1366f9b219-2-scaled.jpg?fit=1024%2C1024&#038;ssl=1\" data-object-fit=\"cover\"\/><span aria-hidden=\"true\" class=\"wp-block-cover__background has-background-dim-0 has-background-dim\" style=\"background-color:#907362\"><\/span><div class=\"wp-block-cover__inner-container has-global-padding is-layout-constrained wp-block-cover-is-layout-constrained\">\n<p class=\"has-text-align-center has-large-font-size\"><\/p>\n<\/div><\/div>\n<\/div>\n<\/div>\n\n\n\n<div class=\"wp-block-column is-vertically-aligned-stretch is-layout-flow wp-block-column-is-layout-flow\">\n<div class=\"nfd-gap-xl wp-block-group nfd-bg-effect-grid-3 is-vertical is-layout-flex wp-container-core-group-is-layout-d6b9ab57 wp-block-group-is-layout-flex\" style=\"min-height:100%\">\n<p class=\"nfd-text-xl\">Your Trusted IT Infrastructure Partner<\/p>\n\n\n\n<h2 class=\"nfd-text-giga nfd-text-balance wp-block-heading has-text-align-left has-accent-2-color has-text-color has-link-color wp-elements-83738d54596fb559651106b0c79f1cd1\" style=\"text-transform:uppercase\">Empowering Businesses with Reliable Tech Solutions<\/h2>\n\n\n\n<p class=\"nfd-text-md nfd-text-balance\">At Galeede, we specialize in providing top-notch IT infrastructure, network solutions, and corporate support in Angola. With our Red Hat certification and 24\/7 monitoring services, we ensure that your business operates seamlessly. Our dedicated team is committed to delivering continuous support and innovative technology solutions tailored to your needs, ensuring your systems are secure and efficient.<\/p>\n<\/div>\n<\/div>\n<\/div>\n<\/div>\n\n\n\n<div class=\"nfd-container nfd-py-lg nfd-wb-call-to-action__cta-32 wp-block-group has-global-padding is-layout-constrained wp-block-group-is-layout-constrained\">\n<div class=\"nfd-gap-3xl wp-block-columns are-vertically-aligned-center is-layout-flex wp-container-core-columns-is-layout-28232c24 wp-block-columns-is-layout-flex\">\n<div class=\"wp-block-column is-vertically-aligned-center is-layout-flow wp-block-column-is-layout-flow\">\n<h2 class=\"nfd-text-giga nfd-text-balance wp-block-heading has-text-align-left has-accent-2-color has-text-color has-link-color wp-elements-452771aac46d79a68b3f05efcaa8c871\" style=\"text-transform:uppercase\">Empower Your Business with Reliable IT Solutions<\/h2>\n<\/div>\n\n\n\n<div class=\"wp-block-column is-vertically-aligned-center is-layout-flow wp-block-column-is-layout-flow\">\n<p class=\"nfd-text-md nfd-text-balance\">At Galeede, we provide top-notch IT infrastructure, network support, and 24\/7 monitoring services tailored for businesses in Angola. Trust our Red Hat certified team to keep your operations running smoothly and securely.<\/p>\n<\/div>\n<\/div>\n<\/div>\n\n\n\n<div class=\"nfd-container nfd-py-md nfd-wb-features__features-75 wp-block-group has-global-padding is-layout-constrained wp-container-core-group-is-layout-81828466 wp-block-group-is-layout-constrained\">\n<div class=\"nfd-gap-3xl wp-block-columns is-layout-flex wp-container-core-columns-is-layout-e0dca8c8 wp-block-columns-is-layout-flex\">\n<div class=\"wp-block-column is-layout-flow wp-block-column-is-layout-flow\">\n<div class=\"nfd-gap-xl wp-block-group is-vertical is-content-justification-center is-layout-flex wp-container-core-group-is-layout-ce155fab wp-block-group-is-layout-flex\">\n<figure class=\"nfd-rounded-full wp-block-image size-full\"><img data-recalc-dims=\"1\" decoding=\"async\" loading=\"lazy\" src=\"https:\/\/i0.wp.com\/galeede.com\/wp-content\/uploads\/2026\/03\/photo-1573166584647-2c1366f9b219-3.jpg?ssl=1\" alt=\"\" style=\"aspect-ratio:1;object-fit:cover\"\/><\/figure>\n\n\n\n<h3 class=\"nfd-text-md nfd-text-primary wp-block-heading has-text-align-center\" style=\"font-style:normal;font-weight:500\">Expert IT Infrastructure Solutions<\/h3>\n<\/div>\n<\/div>\n\n\n\n<div class=\"wp-block-column is-layout-flow wp-block-column-is-layout-flow\">\n<div class=\"nfd-gap-xl wp-block-group is-vertical is-content-justification-center is-layout-flex wp-container-core-group-is-layout-ce155fab wp-block-group-is-layout-flex\">\n<figure class=\"nfd-rounded-full wp-block-image size-full\"><img data-recalc-dims=\"1\" decoding=\"async\" loading=\"lazy\" src=\"https:\/\/i0.wp.com\/galeede.com\/wp-content\/uploads\/2026\/03\/photo-1639066648921-82d4500abf1a.jpg?ssl=1\" alt=\"\" style=\"aspect-ratio:1;object-fit:cover\"\/><\/figure>\n\n\n\n<h3 class=\"nfd-text-md nfd-text-primary wp-block-heading has-text-align-center\" style=\"font-style:normal;font-weight:500\">24\/7 System Monitoring Services<\/h3>\n<\/div>\n<\/div>\n\n\n\n<div class=\"wp-block-column is-layout-flow wp-block-column-is-layout-flow\">\n<div class=\"nfd-gap-xl wp-block-group is-vertical is-content-justification-center is-layout-flex wp-container-core-group-is-layout-ce155fab wp-block-group-is-layout-flex\">\n<figure class=\"nfd-rounded-full wp-block-image size-full\"><img data-recalc-dims=\"1\" decoding=\"async\" loading=\"lazy\" src=\"https:\/\/i0.wp.com\/galeede.com\/wp-content\/uploads\/2026\/03\/photo-1581092919535-7146ff1a590b.jpg?ssl=1\" alt=\"\" style=\"aspect-ratio:1;object-fit:cover\"\/><\/figure>\n\n\n\n<h3 class=\"nfd-text-md nfd-text-primary wp-block-heading has-text-align-center\" style=\"font-style:normal;font-weight:500\">Red Hat Certified Support<\/h3>\n<\/div>\n<\/div>\n\n\n\n<div class=\"wp-block-column is-layout-flow wp-block-column-is-layout-flow\">\n<div class=\"nfd-gap-xl wp-block-group is-vertical is-content-justification-center is-layout-flex wp-container-core-group-is-layout-ce155fab wp-block-group-is-layout-flex\">\n<figure class=\"nfd-rounded-full wp-block-image size-full\"><img data-recalc-dims=\"1\" decoding=\"async\" loading=\"lazy\" src=\"https:\/\/i0.wp.com\/galeede.com\/wp-content\/uploads\/2026\/03\/photo-1726056652663-8f1e42b2fc95.jpg?ssl=1\" alt=\"\" style=\"aspect-ratio:1;object-fit:cover\"\/><\/figure>\n\n\n\n<h3 class=\"nfd-text-md nfd-text-primary wp-block-heading has-text-align-center\" style=\"font-style:normal;font-weight:500\">Comprehensive Technical Support<\/h3>\n<\/div>\n<\/div>\n\n\n\n<div class=\"wp-block-column is-layout-flow wp-block-column-is-layout-flow\">\n<div class=\"nfd-gap-xl wp-block-group is-vertical is-content-justification-center is-layout-flex wp-container-core-group-is-layout-ce155fab wp-block-group-is-layout-flex\">\n<figure class=\"nfd-rounded-full wp-block-image size-full\"><img data-recalc-dims=\"1\" decoding=\"async\" loading=\"lazy\" src=\"https:\/\/i0.wp.com\/galeede.com\/wp-content\/uploads\/2026\/03\/photo-1603985585179-3d71c35a537c.jpg?ssl=1\" alt=\"\" style=\"aspect-ratio:1;object-fit:cover\"\/><\/figure>\n\n\n\n<h3 class=\"nfd-text-md nfd-text-primary nfd-text-balance wp-block-heading has-text-align-center\" style=\"font-style:normal;font-weight:500\">Tailored IT Consulting Services<\/h3>\n<\/div>\n<\/div>\n\n\n\n<div class=\"wp-block-column is-layout-flow wp-block-column-is-layout-flow\">\n<div class=\"nfd-gap-xl wp-block-group is-vertical is-content-justification-center is-layout-flex wp-container-core-group-is-layout-ce155fab wp-block-group-is-layout-flex\">\n<figure class=\"nfd-rounded-full wp-block-image size-full\"><img data-recalc-dims=\"1\" decoding=\"async\" loading=\"lazy\" src=\"https:\/\/i0.wp.com\/galeede.com\/wp-content\/uploads\/2026\/03\/photo-1573166717911-d3625658b6f7.jpg?ssl=1\" alt=\"\" style=\"aspect-ratio:1;object-fit:cover\"\/><\/figure>\n\n\n\n<h3 class=\"nfd-text-md nfd-text-primary wp-block-heading has-text-align-center\" style=\"font-style:normal;font-weight:500\">Quality Assurance<\/h3>\n<\/div>\n<\/div>\n<\/div>\n<\/div>\n\n\n\n<div class=\"nfd-container nfd-py-lg nfd-wb-call-to-action__cta-33 wp-block-group has-global-padding is-layout-constrained wp-block-group-is-layout-constrained\">\n<div class=\"nfd-gap-3xl wp-block-columns is-layout-flex wp-container-core-columns-is-layout-28232c24 wp-block-columns-is-layout-flex\">\n<div class=\"wp-block-column is-vertically-aligned-stretch is-layout-flow wp-block-column-is-layout-flow\">\n<div class=\"nfd-gap-xl wp-block-group is-vertical is-layout-flex wp-container-core-group-is-layout-d6b9ab57 wp-block-group-is-layout-flex\" style=\"min-height:100%\">\n<div class=\"nfd-p-xs wp-block-group has-base-color has-accent-2-background-color has-text-color has-background has-link-color wp-elements-5720b7960758c58e23d314bf62fc381c is-nowrap is-layout-flex wp-container-core-group-is-layout-6c531013 wp-block-group-is-layout-flex\">\n<h2 class=\"nfd-text-giga nfd-text-balance wp-block-heading has-text-align-left has-base-color has-text-color has-link-color wp-elements-ddabaab9379e00bb23822d84deed442c\" style=\"text-transform:uppercase\">Expertise in IT Solutions<\/h2>\n<\/div>\n\n\n\n<p class=\"nfd-text-md nfd-text-balance\">At Galeede, we specialize in providing top-notch IT infrastructure, network solutions, and corporate support in Angola. Our commitment to excellence is backed by Red Hat certification and 24\/7 monitoring, ensuring your business operates seamlessly. We prioritize security and continuous support, tailoring our services to meet your unique needs. Trust us to enhance your IT landscape with innovative solutions and expert guidance.<\/p>\n\n\n\n<p class=\"nfd-text-md nfd-text-balance has-accent-2-color has-text-color has-link-color wp-elements-790a5ebf0a544397398490f6398b8362\"><a href=\"#\">Discover Our Services<\/a><\/p>\n<\/div>\n<\/div>\n\n\n\n<div class=\"wp-block-column is-vertically-aligned-stretch is-layout-flow wp-block-column-is-layout-flow\">\n<figure class=\"nfd-rounded-xl nfd-img-floating-photo wp-block-image aligncenter size-large is-resized\"><img data-recalc-dims=\"1\" decoding=\"async\" loading=\"lazy\" src=\"https:\/\/i0.wp.com\/galeede.com\/wp-content\/uploads\/2026\/03\/photo-1573166584647-2c1366f9b219-4.jpg?ssl=1\" alt=\"\" style=\"aspect-ratio:1;object-fit:cover;width:500px\"\/><\/figure>\n<\/div>\n<\/div>\n<\/div>\n\n\n\n<div class=\"nfd-container nfd-wb-call-to-action__cta-34 wp-block-group has-global-padding is-layout-constrained wp-block-group-is-layout-constrained\">\n<div class=\"nfd-p-0 wp-block-cover alignfull\" style=\"min-height:5vh;aspect-ratio:unset;\"><img data-recalc-dims=\"1\" height=\"1024\" width=\"1024\" decoding=\"async\" loading=\"lazy\" class=\"wp-block-cover__image-background size-large\" alt=\"\" src=\"https:\/\/i0.wp.com\/galeede.com\/wp-content\/uploads\/2026\/03\/photo-1573166584647-2c1366f9b219-4.jpg?fit=1024%2C1024&#038;ssl=1\" data-object-fit=\"cover\"\/><span aria-hidden=\"true\" class=\"wp-block-cover__background has-background-dim-0 has-background-dim\"><\/span><div class=\"wp-block-cover__inner-container has-global-padding is-layout-constrained wp-block-cover-is-layout-constrained\">\n<div class=\"is-style-default wp-block-group nfd-bg-effect-lines-2 has-global-padding is-layout-constrained wp-container-core-group-is-layout-41c06ba8 wp-block-group-is-layout-constrained\">\n<div class=\"nfd-gap-2xl nfd-p-lg is-style-nfd-theme-darker wp-block-group is-vertical is-content-justification-stretch is-layout-flex wp-container-core-group-is-layout-401b7a8a wp-block-group-is-layout-flex\">\n<h2 class=\"nfd-text-huge nfd-text-contrast nfd-text-balance wp-block-heading has-text-align-center\" style=\"text-transform:uppercase\">Business Hours<\/h2>\n\n\n\n<p class=\"has-text-align-center\">At Galeede, we are committed to providing exceptional IT support and services. Our team is available to assist you 24\/7, ensuring your business runs smoothly at all times. Reach out to us anytime!<\/p>\n\n\n\n<div class=\"wp-block-group has-global-padding is-layout-constrained wp-container-core-group-is-layout-ba7590a8 wp-block-group-is-layout-constrained\">\n<div class=\"nfd-gap-sm wp-block-group is-vertical is-content-justification-stretch is-layout-flex wp-container-core-group-is-layout-353c4f5a wp-block-group-is-layout-flex\">\n<div class=\"wp-block-group is-content-justification-space-between is-nowrap is-layout-flex wp-container-core-group-is-layout-cb46ffcb wp-block-group-is-layout-flex\">\n<p class=\"\">Monday<\/p>\n\n\n\n<p class=\"has-text-align-right has-accent-2-color has-text-color has-link-color wp-elements-8245bb73467d3078ee3617d7e87a37a3\"><strong>Closed<\/strong><\/p>\n<\/div>\n\n\n\n<div class=\"wp-block-group is-content-justification-space-between is-nowrap is-layout-flex wp-container-core-group-is-layout-cb46ffcb wp-block-group-is-layout-flex\">\n<p class=\"\">Tuesday<\/p>\n\n\n\n<p class=\"has-text-align-right\">9:00 AM &#8211; 5:00 PM<\/p>\n<\/div>\n\n\n\n<div class=\"wp-block-group is-content-justification-space-between is-nowrap is-layout-flex wp-container-core-group-is-layout-cb46ffcb wp-block-group-is-layout-flex\">\n<p class=\"\">Wednesday<\/p>\n\n\n\n<p class=\"has-text-align-right\">9:00 AM &#8211; 5:00 PM<\/p>\n<\/div>\n\n\n\n<div class=\"wp-block-group is-content-justification-space-between is-nowrap is-layout-flex wp-container-core-group-is-layout-cb46ffcb wp-block-group-is-layout-flex\">\n<p class=\"\">Thursday<\/p>\n\n\n\n<p class=\"has-text-align-right\">9:00 AM &#8211; 5:00 PM<\/p>\n<\/div>\n\n\n\n<div class=\"wp-block-group is-content-justification-space-between is-nowrap is-layout-flex wp-container-core-group-is-layout-cb46ffcb wp-block-group-is-layout-flex\">\n<p class=\"\">Friday<\/p>\n\n\n\n<p class=\"has-text-align-right\">9:00 AM &#8211; 5:00 PM<\/p>\n<\/div>\n\n\n\n<div class=\"wp-block-group is-content-justification-space-between is-nowrap is-layout-flex wp-container-core-group-is-layout-cb46ffcb wp-block-group-is-layout-flex\">\n<p class=\"\">Saturday<\/p>\n\n\n\n<p class=\"has-text-align-right\">Closed<\/p>\n<\/div>\n\n\n\n<div class=\"wp-block-group is-content-justification-space-between is-nowrap is-layout-flex wp-container-core-group-is-layout-cb46ffcb wp-block-group-is-layout-flex\">\n<p class=\"\">Sunday<\/p>\n\n\n\n<p class=\"has-text-align-right\">6.30-20.00<\/p>\n<\/div>\n<\/div>\n<\/div>\n<\/div>\n<\/div>\n<\/div><\/div>\n<\/div>","protected":false},"excerpt":{"rendered":"<p>Especialistas em infraestrutura, redes e suporte de TI corporativo em Angola. Parceiros Red Hat e Juniper. Monitoriza\u00e7\u00e3o cont\u00ednua, custos fixos e resposta r\u00e1pida.<\/p>","protected":false},"author":1,"featured_media":98,"parent":0,"menu_order":0,"comment_status":"closed","ping_status":"closed","template":"","meta":{"_seopress_robots_primary_cat":"0","_seopress_titles_title":"Galeede | Suporte e Infraestrutura de TI em Angola","_seopress_titles_desc":"Especialistas em infraestrutura, redes e suporte de TI corporativo em Angola. Parceiros Red Hat e Juniper. %%sitetitle%% %%post_title%%","_seopress_robots_index":"","nf_dc_page":"home","om_disable_all_campaigns":false,"_monsterinsights_skip_tracking":false,"_monsterinsights_sitenote_active":false,"_monsterinsights_sitenote_note":"","_monsterinsights_sitenote_category":0,"footnotes":""},"class_list":["post-35","page","type-page","status-publish","has-post-thumbnail","hentry"],"jetpack_sharing_enabled":true,"_links":{"self":[{"href":"https:\/\/galeede.com\/en\/wp-json\/wp\/v2\/pages\/35","targetHints":{"allow":["GET"]}}],"collection":[{"href":"https:\/\/galeede.com\/en\/wp-json\/wp\/v2\/pages"}],"about":[{"href":"https:\/\/galeede.com\/en\/wp-json\/wp\/v2\/types\/page"}],"author":[{"embeddable":true,"href":"https:\/\/galeede.com\/en\/wp-json\/wp\/v2\/users\/1"}],"replies":[{"embeddable":true,"href":"https:\/\/galeede.com\/en\/wp-json\/wp\/v2\/comments?post=35"}],"version-history":[{"count":3,"href":"https:\/\/galeede.com\/en\/wp-json\/wp\/v2\/pages\/35\/revisions"}],"predecessor-version":[{"id":360,"href":"https:\/\/galeede.com\/en\/wp-json\/wp\/v2\/pages\/35\/revisions\/360"}],"wp:featuredmedia":[{"embeddable":true,"href":"https:\/\/galeede.com\/en\/wp-json\/wp\/v2\/media\/98"}],"wp:attachment":[{"href":"https:\/\/galeede.com\/en\/wp-json\/wp\/v2\/media?parent=35"}],"curies":[{"name":"wp","href":"https:\/\/api.w.org\/{rel}","templated":true}]}}